{"id":309,"date":"2023-11-12T21:25:06","date_gmt":"2023-11-12T20:25:06","guid":{"rendered":"https:\/\/hub2.media-effects.com\/?post_type=product&#038;p=309"},"modified":"2025-12-23T12:51:02","modified_gmt":"2025-12-23T11:51:02","slug":"raeucherhase-gustav-30cm","status":"publish","type":"product","link":"https:\/\/hubrig-volkskunst.com\/fachhaendler\/produkt\/raeucherhase-gustav-30cm\/","title":{"rendered":"R\u00e4ucherhase Gustav 30cm"},"content":{"rendered":"<ul>\n<li><a href=\"https:\/\/hubrig-volkskunst.com\/fachhaendler\/wp-content\/uploads\/2023\/11\/GH_Raeuchermaenner.pdf\">Gebrauchshinweis R\u00e4uchermann<\/a><\/li>\n<li>Gr\u00f6\u00dfe 30 cm<\/li>\n<\/ul>\n","protected":false},"excerpt":{"rendered":"<p>Gebrauchshinweis R\u00e4uchermann Gr\u00f6\u00dfe 30 cm<\/p>\n","protected":false},"featured_media":365,"template":"","meta":[],"product_brand":[],"product_cat":[34,71],"product_tag":[201,202,205,203,204,125],"class_list":{"0":"post-309","1":"product","2":"type-product","3":"status-publish","4":"has-post-thumbnail","6":"product_cat-hvk-sommer","7":"product_cat-hasenland","8":"product_tag-hasen","9":"product_tag-ostern","10":"product_tag-raeucherfigur","11":"product_tag-raeuchermann","12":"product_tag-raeuchermaennchen","13":"product_tag-sommer","15":"first","16":"instock","17":"taxable","18":"shipping-taxable","19":"purchasable","20":"product-type-simple"},"wooqr_code":"","_links":{"self":[{"href":"https:\/\/hubrig-volkskunst.com\/fachhaendler\/wp-json\/wp\/v2\/product\/309","targetHints":{"allow":["GET"]}}],"collection":[{"href":"https:\/\/hubrig-volkskunst.com\/fachhaendler\/wp-json\/wp\/v2\/product"}],"about":[{"href":"https:\/\/hubrig-volkskunst.com\/fachhaendler\/wp-json\/wp\/v2\/types\/product"}],"wp:featuredmedia":[{"embeddable":true,"href":"https:\/\/hubrig-volkskunst.com\/fachhaendler\/wp-json\/wp\/v2\/media\/365"}],"wp:attachment":[{"href":"https:\/\/hubrig-volkskunst.com\/fachhaendler\/wp-json\/wp\/v2\/media?parent=309"}],"wp:term":[{"taxonomy":"product_brand","embeddable":true,"href":"https:\/\/hubrig-volkskunst.com\/fachhaendler\/wp-json\/wp\/v2\/product_brand?post=309"},{"taxonomy":"product_cat","embeddable":true,"href":"https:\/\/hubrig-volkskunst.com\/fachhaendler\/wp-json\/wp\/v2\/product_cat?post=309"},{"taxonomy":"product_tag","embeddable":true,"href":"https:\/\/hubrig-volkskunst.com\/fachhaendler\/wp-json\/wp\/v2\/product_tag?post=309"}],"curies":[{"name":"wp","href":"https:\/\/api.w.org\/{rel}","templated":true}]}}