{"id":5071,"date":"2025-11-28T10:44:17","date_gmt":"2025-11-28T09:44:17","guid":{"rendered":"https:\/\/hubrig-volkskunst.com\/fachhaendler\/?post_type=product&#038;p=5071"},"modified":"2025-11-28T10:50:11","modified_gmt":"2025-11-28T09:50:11","slug":"sf-notenstaender","status":"publish","type":"product","link":"https:\/\/hubrig-volkskunst.com\/fachhaendler\/produkt\/sf-notenstaender\/","title":{"rendered":"SF Notenst\u00e4nder"},"content":{"rendered":"<p>SF Notenst\u00e4nder f\u00fcr Engel 6,5 cm<\/p>\n","protected":false},"excerpt":{"rendered":"<p>SF Notenst\u00e4nder f\u00fcr Engel 6,5 cm<\/p>\n","protected":false},"featured_media":687,"template":"","meta":[],"product_brand":[],"product_cat":[42,80,85,48],"product_tag":[135,222,141,183,221],"class_list":{"0":"post-5071","1":"product","2":"type-product","3":"status-publish","4":"has-post-thumbnail","6":"product_cat-hvk-winter","7":"product_cat-engel","8":"product_cat-engel-6cm","9":"product_cat-letzte-chance","10":"product_tag-engel","11":"product_tag-engel-6-5cm","12":"product_tag-hubrig-engel","13":"product_tag-letzte-chance","14":"product_tag-notenstaender","16":"first","17":"instock","18":"taxable","19":"shipping-taxable","20":"purchasable","21":"product-type-simple"},"wooqr_code":"","_links":{"self":[{"href":"https:\/\/hubrig-volkskunst.com\/fachhaendler\/wp-json\/wp\/v2\/product\/5071","targetHints":{"allow":["GET"]}}],"collection":[{"href":"https:\/\/hubrig-volkskunst.com\/fachhaendler\/wp-json\/wp\/v2\/product"}],"about":[{"href":"https:\/\/hubrig-volkskunst.com\/fachhaendler\/wp-json\/wp\/v2\/types\/product"}],"wp:featuredmedia":[{"embeddable":true,"href":"https:\/\/hubrig-volkskunst.com\/fachhaendler\/wp-json\/wp\/v2\/media\/687"}],"wp:attachment":[{"href":"https:\/\/hubrig-volkskunst.com\/fachhaendler\/wp-json\/wp\/v2\/media?parent=5071"}],"wp:term":[{"taxonomy":"product_brand","embeddable":true,"href":"https:\/\/hubrig-volkskunst.com\/fachhaendler\/wp-json\/wp\/v2\/product_brand?post=5071"},{"taxonomy":"product_cat","embeddable":true,"href":"https:\/\/hubrig-volkskunst.com\/fachhaendler\/wp-json\/wp\/v2\/product_cat?post=5071"},{"taxonomy":"product_tag","embeddable":true,"href":"https:\/\/hubrig-volkskunst.com\/fachhaendler\/wp-json\/wp\/v2\/product_tag?post=5071"}],"curies":[{"name":"wp","href":"https:\/\/api.w.org\/{rel}","templated":true}]}}